{"id":1875,"date":"2020-11-26T20:14:56","date_gmt":"2020-11-26T19:14:56","guid":{"rendered":"https:\/\/volaillesdelabroche.fr\/?post_type=product&#038;p=1875"},"modified":"2025-12-15T20:04:58","modified_gmt":"2025-12-15T19:04:58","slug":"tortillade-de-magret-fume-au-foie-de-canard-sous-vide","status":"publish","type":"product","link":"https:\/\/volaillesdelabroche.fr\/index.php\/produit\/tortillade-de-magret-fume-au-foie-de-canard-sous-vide\/","title":{"rendered":"Tortillade de magret fume au foie de canard (sous vide)"},"content":{"rendered":"","protected":false},"excerpt":{"rendered":"<p>Ferme de Houssay<\/p>\n<p>Foie gras mi-cuit dans du magret fum\u00e9.<br \/>\nUn gout l\u00e9g\u00e8rement fum\u00e9 dans le fondant du foie gras.<\/p>\n<p>&nbsp;<\/p>\n<p><img fetchpriority=\"high\" decoding=\"async\" class=\"alignnone size-full wp-image-1873\" src=\"https:\/\/volaillesdelabroche.fr\/wp-content\/uploads\/2020\/11\/Torti-1-rotated.jpg\" alt=\"\" width=\"480\" height=\"640\" srcset=\"https:\/\/i0.wp.com\/volaillesdelabroche.fr\/wp-content\/uploads\/2020\/11\/Torti-1-rotated.jpg?w=480&amp;ssl=1 480w, https:\/\/i0.wp.com\/volaillesdelabroche.fr\/wp-content\/uploads\/2020\/11\/Torti-1-rotated.jpg?resize=225%2C300&amp;ssl=1 225w\" sizes=\"(max-width: 480px) 100vw, 480px\" \/><\/p>\n","protected":false},"featured_media":1871,"template":"","meta":{"_monsterinsights_skip_tracking":false,"_monsterinsights_sitenote_active":false,"_monsterinsights_sitenote_note":"","_monsterinsights_sitenote_category":0,"jetpack_post_was_ever_published":false,"jetpack_publicize_message":"","jetpack_publicize_feature_enabled":true,"jetpack_social_post_already_shared":true,"jetpack_social_options":{"image_generator_settings":{"template":"highway","default_image_id":0,"font":"","enabled":false},"version":2}},"product_brand":[],"product_cat":[43],"product_tag":[],"class_list":{"0":"post-1875","1":"product","2":"type-product","3":"status-publish","4":"has-post-thumbnail","6":"product_cat-foie-gras","8":"first","9":"outofstock","10":"taxable","11":"shipping-taxable","12":"purchasable","13":"product-type-simple"},"yoast_head":"<!-- This site is optimized with the Yoast SEO plugin v27.4 - https:\/\/yoast.com\/product\/yoast-seo-wordpress\/ -->\n<title>Tortillade de magret fume au foie de canard (sous vide) - Volailles et Escargots de la Broche<\/title>\n<meta name=\"robots\" content=\"index, follow, max-snippet:-1, max-image-preview:large, max-video-preview:-1\" \/>\n<link rel=\"canonical\" href=\"https:\/\/volaillesdelabroche.fr\/index.php\/produit\/tortillade-de-magret-fume-au-foie-de-canard-sous-vide\/\" \/>\n<meta property=\"og:locale\" content=\"fr_FR\" \/>\n<meta property=\"og:type\" content=\"article\" \/>\n<meta property=\"og:title\" content=\"Tortillade de magret fume au foie de canard (sous vide) - Volailles et Escargots de la Broche\" \/>\n<meta property=\"og:description\" content=\"Ferme de Houssay  Foie gras mi-cuit dans du magret fum\u00e9. Un gout l\u00e9g\u00e8rement fum\u00e9 dans le fondant du foie gras.  &nbsp;\" \/>\n<meta property=\"og:url\" content=\"https:\/\/volaillesdelabroche.fr\/index.php\/produit\/tortillade-de-magret-fume-au-foie-de-canard-sous-vide\/\" \/>\n<meta property=\"og:site_name\" content=\"Volailles et Escargots de la Broche\" \/>\n<meta property=\"article:publisher\" content=\"https:\/\/www.facebook.com\/pg\/escargotsdelabroche\/photos\/?ref=page_internal\" \/>\n<meta property=\"article:modified_time\" content=\"2025-12-15T19:04:58+00:00\" \/>\n<meta property=\"og:image\" content=\"https:\/\/i0.wp.com\/volaillesdelabroche.fr\/wp-content\/uploads\/2020\/11\/Tortillades-FG.png?fit=532%2C621&ssl=1\" \/>\n\t<meta property=\"og:image:width\" content=\"532\" \/>\n\t<meta property=\"og:image:height\" content=\"621\" \/>\n\t<meta property=\"og:image:type\" content=\"image\/png\" \/>\n<meta name=\"twitter:card\" content=\"summary_large_image\" \/>\n<script type=\"application\/ld+json\" class=\"yoast-schema-graph\">{\"@context\":\"https:\\\/\\\/schema.org\",\"@graph\":[{\"@type\":\"WebPage\",\"@id\":\"https:\\\/\\\/volaillesdelabroche.fr\\\/index.php\\\/produit\\\/tortillade-de-magret-fume-au-foie-de-canard-sous-vide\\\/\",\"url\":\"https:\\\/\\\/volaillesdelabroche.fr\\\/index.php\\\/produit\\\/tortillade-de-magret-fume-au-foie-de-canard-sous-vide\\\/\",\"name\":\"Tortillade de magret fume au foie de canard (sous vide) - Volailles et Escargots de la Broche\",\"isPartOf\":{\"@id\":\"https:\\\/\\\/volaillesdelabroche.fr\\\/#website\"},\"primaryImageOfPage\":{\"@id\":\"https:\\\/\\\/volaillesdelabroche.fr\\\/index.php\\\/produit\\\/tortillade-de-magret-fume-au-foie-de-canard-sous-vide\\\/#primaryimage\"},\"image\":{\"@id\":\"https:\\\/\\\/volaillesdelabroche.fr\\\/index.php\\\/produit\\\/tortillade-de-magret-fume-au-foie-de-canard-sous-vide\\\/#primaryimage\"},\"thumbnailUrl\":\"https:\\\/\\\/i0.wp.com\\\/volaillesdelabroche.fr\\\/wp-content\\\/uploads\\\/2020\\\/11\\\/Tortillades-FG.png?fit=532%2C621&ssl=1\",\"datePublished\":\"2020-11-26T19:14:56+00:00\",\"dateModified\":\"2025-12-15T19:04:58+00:00\",\"breadcrumb\":{\"@id\":\"https:\\\/\\\/volaillesdelabroche.fr\\\/index.php\\\/produit\\\/tortillade-de-magret-fume-au-foie-de-canard-sous-vide\\\/#breadcrumb\"},\"inLanguage\":\"fr-FR\",\"potentialAction\":[{\"@type\":\"ReadAction\",\"target\":[\"https:\\\/\\\/volaillesdelabroche.fr\\\/index.php\\\/produit\\\/tortillade-de-magret-fume-au-foie-de-canard-sous-vide\\\/\"]}]},{\"@type\":\"ImageObject\",\"inLanguage\":\"fr-FR\",\"@id\":\"https:\\\/\\\/volaillesdelabroche.fr\\\/index.php\\\/produit\\\/tortillade-de-magret-fume-au-foie-de-canard-sous-vide\\\/#primaryimage\",\"url\":\"https:\\\/\\\/i0.wp.com\\\/volaillesdelabroche.fr\\\/wp-content\\\/uploads\\\/2020\\\/11\\\/Tortillades-FG.png?fit=532%2C621&ssl=1\",\"contentUrl\":\"https:\\\/\\\/i0.wp.com\\\/volaillesdelabroche.fr\\\/wp-content\\\/uploads\\\/2020\\\/11\\\/Tortillades-FG.png?fit=532%2C621&ssl=1\",\"width\":532,\"height\":621},{\"@type\":\"BreadcrumbList\",\"@id\":\"https:\\\/\\\/volaillesdelabroche.fr\\\/index.php\\\/produit\\\/tortillade-de-magret-fume-au-foie-de-canard-sous-vide\\\/#breadcrumb\",\"itemListElement\":[{\"@type\":\"ListItem\",\"position\":1,\"name\":\"Home\",\"item\":\"https:\\\/\\\/volaillesdelabroche.fr\\\/\"},{\"@type\":\"ListItem\",\"position\":2,\"name\":\"Produits\",\"item\":\"https:\\\/\\\/volaillesdelabroche.fr\\\/index.php\\\/shop\\\/\"},{\"@type\":\"ListItem\",\"position\":3,\"name\":\"Tortillade de magret fume au foie de canard (sous vide)\"}]},{\"@type\":\"WebSite\",\"@id\":\"https:\\\/\\\/volaillesdelabroche.fr\\\/#website\",\"url\":\"https:\\\/\\\/volaillesdelabroche.fr\\\/\",\"name\":\"Volailles et Escargots de la Broche\",\"description\":\"Volailles Escargots Producteur Vente a la ferme\",\"publisher\":{\"@id\":\"https:\\\/\\\/volaillesdelabroche.fr\\\/#organization\"},\"alternateName\":\"Volailles Escargots Producteur Vente a la ferme\",\"potentialAction\":[{\"@type\":\"SearchAction\",\"target\":{\"@type\":\"EntryPoint\",\"urlTemplate\":\"https:\\\/\\\/volaillesdelabroche.fr\\\/?s={search_term_string}\"},\"query-input\":{\"@type\":\"PropertyValueSpecification\",\"valueRequired\":true,\"valueName\":\"search_term_string\"}}],\"inLanguage\":\"fr-FR\"},{\"@type\":\"Organization\",\"@id\":\"https:\\\/\\\/volaillesdelabroche.fr\\\/#organization\",\"name\":\"Escargots et Volailles de la Broche\",\"alternateName\":\"Volailles Escargots Producteur Vente a la ferme\",\"url\":\"https:\\\/\\\/volaillesdelabroche.fr\\\/\",\"logo\":{\"@type\":\"ImageObject\",\"inLanguage\":\"fr-FR\",\"@id\":\"https:\\\/\\\/volaillesdelabroche.fr\\\/#\\\/schema\\\/logo\\\/image\\\/\",\"url\":\"https:\\\/\\\/i0.wp.com\\\/volaillesdelabroche.fr\\\/wp-content\\\/uploads\\\/2021\\\/01\\\/cropped-LOGO-volailles-escargots.png?fit=223%2C105&ssl=1\",\"contentUrl\":\"https:\\\/\\\/i0.wp.com\\\/volaillesdelabroche.fr\\\/wp-content\\\/uploads\\\/2021\\\/01\\\/cropped-LOGO-volailles-escargots.png?fit=223%2C105&ssl=1\",\"width\":223,\"height\":105,\"caption\":\"Escargots et Volailles de la Broche\"},\"image\":{\"@id\":\"https:\\\/\\\/volaillesdelabroche.fr\\\/#\\\/schema\\\/logo\\\/image\\\/\"},\"sameAs\":[\"https:\\\/\\\/www.facebook.com\\\/pg\\\/escargotsdelabroche\\\/photos\\\/?ref=page_internal\"]}]}<\/script>\n<!-- \/ Yoast SEO plugin. -->","yoast_head_json":{"title":"Tortillade de magret fume au foie de canard (sous vide) - Volailles et Escargots de la Broche","robots":{"index":"index","follow":"follow","max-snippet":"max-snippet:-1","max-image-preview":"max-image-preview:large","max-video-preview":"max-video-preview:-1"},"canonical":"https:\/\/volaillesdelabroche.fr\/index.php\/produit\/tortillade-de-magret-fume-au-foie-de-canard-sous-vide\/","og_locale":"fr_FR","og_type":"article","og_title":"Tortillade de magret fume au foie de canard (sous vide) - Volailles et Escargots de la Broche","og_description":"Ferme de Houssay  Foie gras mi-cuit dans du magret fum\u00e9. Un gout l\u00e9g\u00e8rement fum\u00e9 dans le fondant du foie gras.  &nbsp;","og_url":"https:\/\/volaillesdelabroche.fr\/index.php\/produit\/tortillade-de-magret-fume-au-foie-de-canard-sous-vide\/","og_site_name":"Volailles et Escargots de la Broche","article_publisher":"https:\/\/www.facebook.com\/pg\/escargotsdelabroche\/photos\/?ref=page_internal","article_modified_time":"2025-12-15T19:04:58+00:00","og_image":[{"width":532,"height":621,"url":"https:\/\/i0.wp.com\/volaillesdelabroche.fr\/wp-content\/uploads\/2020\/11\/Tortillades-FG.png?fit=532%2C621&ssl=1","type":"image\/png"}],"twitter_card":"summary_large_image","schema":{"@context":"https:\/\/schema.org","@graph":[{"@type":"WebPage","@id":"https:\/\/volaillesdelabroche.fr\/index.php\/produit\/tortillade-de-magret-fume-au-foie-de-canard-sous-vide\/","url":"https:\/\/volaillesdelabroche.fr\/index.php\/produit\/tortillade-de-magret-fume-au-foie-de-canard-sous-vide\/","name":"Tortillade de magret fume au foie de canard (sous vide) - Volailles et Escargots de la Broche","isPartOf":{"@id":"https:\/\/volaillesdelabroche.fr\/#website"},"primaryImageOfPage":{"@id":"https:\/\/volaillesdelabroche.fr\/index.php\/produit\/tortillade-de-magret-fume-au-foie-de-canard-sous-vide\/#primaryimage"},"image":{"@id":"https:\/\/volaillesdelabroche.fr\/index.php\/produit\/tortillade-de-magret-fume-au-foie-de-canard-sous-vide\/#primaryimage"},"thumbnailUrl":"https:\/\/i0.wp.com\/volaillesdelabroche.fr\/wp-content\/uploads\/2020\/11\/Tortillades-FG.png?fit=532%2C621&ssl=1","datePublished":"2020-11-26T19:14:56+00:00","dateModified":"2025-12-15T19:04:58+00:00","breadcrumb":{"@id":"https:\/\/volaillesdelabroche.fr\/index.php\/produit\/tortillade-de-magret-fume-au-foie-de-canard-sous-vide\/#breadcrumb"},"inLanguage":"fr-FR","potentialAction":[{"@type":"ReadAction","target":["https:\/\/volaillesdelabroche.fr\/index.php\/produit\/tortillade-de-magret-fume-au-foie-de-canard-sous-vide\/"]}]},{"@type":"ImageObject","inLanguage":"fr-FR","@id":"https:\/\/volaillesdelabroche.fr\/index.php\/produit\/tortillade-de-magret-fume-au-foie-de-canard-sous-vide\/#primaryimage","url":"https:\/\/i0.wp.com\/volaillesdelabroche.fr\/wp-content\/uploads\/2020\/11\/Tortillades-FG.png?fit=532%2C621&ssl=1","contentUrl":"https:\/\/i0.wp.com\/volaillesdelabroche.fr\/wp-content\/uploads\/2020\/11\/Tortillades-FG.png?fit=532%2C621&ssl=1","width":532,"height":621},{"@type":"BreadcrumbList","@id":"https:\/\/volaillesdelabroche.fr\/index.php\/produit\/tortillade-de-magret-fume-au-foie-de-canard-sous-vide\/#breadcrumb","itemListElement":[{"@type":"ListItem","position":1,"name":"Home","item":"https:\/\/volaillesdelabroche.fr\/"},{"@type":"ListItem","position":2,"name":"Produits","item":"https:\/\/volaillesdelabroche.fr\/index.php\/shop\/"},{"@type":"ListItem","position":3,"name":"Tortillade de magret fume au foie de canard (sous vide)"}]},{"@type":"WebSite","@id":"https:\/\/volaillesdelabroche.fr\/#website","url":"https:\/\/volaillesdelabroche.fr\/","name":"Volailles et Escargots de la Broche","description":"Volailles Escargots Producteur Vente a la ferme","publisher":{"@id":"https:\/\/volaillesdelabroche.fr\/#organization"},"alternateName":"Volailles Escargots Producteur Vente a la ferme","potentialAction":[{"@type":"SearchAction","target":{"@type":"EntryPoint","urlTemplate":"https:\/\/volaillesdelabroche.fr\/?s={search_term_string}"},"query-input":{"@type":"PropertyValueSpecification","valueRequired":true,"valueName":"search_term_string"}}],"inLanguage":"fr-FR"},{"@type":"Organization","@id":"https:\/\/volaillesdelabroche.fr\/#organization","name":"Escargots et Volailles de la Broche","alternateName":"Volailles Escargots Producteur Vente a la ferme","url":"https:\/\/volaillesdelabroche.fr\/","logo":{"@type":"ImageObject","inLanguage":"fr-FR","@id":"https:\/\/volaillesdelabroche.fr\/#\/schema\/logo\/image\/","url":"https:\/\/i0.wp.com\/volaillesdelabroche.fr\/wp-content\/uploads\/2021\/01\/cropped-LOGO-volailles-escargots.png?fit=223%2C105&ssl=1","contentUrl":"https:\/\/i0.wp.com\/volaillesdelabroche.fr\/wp-content\/uploads\/2021\/01\/cropped-LOGO-volailles-escargots.png?fit=223%2C105&ssl=1","width":223,"height":105,"caption":"Escargots et Volailles de la Broche"},"image":{"@id":"https:\/\/volaillesdelabroche.fr\/#\/schema\/logo\/image\/"},"sameAs":["https:\/\/www.facebook.com\/pg\/escargotsdelabroche\/photos\/?ref=page_internal"]}]}},"jetpack_publicize_connections":[],"jetpack_sharing_enabled":true,"_links":{"self":[{"href":"https:\/\/volaillesdelabroche.fr\/index.php\/wp-json\/wp\/v2\/product\/1875","targetHints":{"allow":["GET"]}}],"collection":[{"href":"https:\/\/volaillesdelabroche.fr\/index.php\/wp-json\/wp\/v2\/product"}],"about":[{"href":"https:\/\/volaillesdelabroche.fr\/index.php\/wp-json\/wp\/v2\/types\/product"}],"version-history":[{"count":3,"href":"https:\/\/volaillesdelabroche.fr\/index.php\/wp-json\/wp\/v2\/product\/1875\/revisions"}],"predecessor-version":[{"id":2905,"href":"https:\/\/volaillesdelabroche.fr\/index.php\/wp-json\/wp\/v2\/product\/1875\/revisions\/2905"}],"wp:featuredmedia":[{"embeddable":true,"href":"https:\/\/volaillesdelabroche.fr\/index.php\/wp-json\/wp\/v2\/media\/1871"}],"wp:attachment":[{"href":"https:\/\/volaillesdelabroche.fr\/index.php\/wp-json\/wp\/v2\/media?parent=1875"}],"wp:term":[{"taxonomy":"product_brand","embeddable":true,"href":"https:\/\/volaillesdelabroche.fr\/index.php\/wp-json\/wp\/v2\/product_brand?post=1875"},{"taxonomy":"product_cat","embeddable":true,"href":"https:\/\/volaillesdelabroche.fr\/index.php\/wp-json\/wp\/v2\/product_cat?post=1875"},{"taxonomy":"product_tag","embeddable":true,"href":"https:\/\/volaillesdelabroche.fr\/index.php\/wp-json\/wp\/v2\/product_tag?post=1875"}],"curies":[{"name":"wp","href":"https:\/\/api.w.org\/{rel}","templated":true}]}}