{"id":1080,"date":"2020-04-19T14:33:28","date_gmt":"2020-04-19T12:33:28","guid":{"rendered":"http:\/\/volaillesdelabroche.fr\/?post_type=product&#038;p=1080"},"modified":"2026-04-21T12:16:13","modified_gmt":"2026-04-21T10:16:13","slug":"huile-de-cameline-25cl-pousses-de-la","status":"publish","type":"product","link":"https:\/\/volaillesdelabroche.fr\/index.php\/produit\/huile-de-cameline-25cl-pousses-de-la\/","title":{"rendered":"Huile de Cameline 25cl Pousses de l\u00e0"},"content":{"rendered":"","protected":false},"excerpt":{"rendered":"<p>Huile de Cameline Fran\u00e7aise en conversion \u00e0 l&#8217;agriculture bio, bouteille de 25cl, produite en Normandie.<br \/>\nL&#8217;huile de cameline, ou\u00a0<em>Camelina Sativa<\/em>, est une plante dont l&#8217;huile est riche en acides gras et en Om\u00e9ga 3.<\/p>\n","protected":false},"featured_media":1081,"template":"","meta":{"_monsterinsights_skip_tracking":false,"_monsterinsights_sitenote_active":false,"_monsterinsights_sitenote_note":"","_monsterinsights_sitenote_category":0,"jetpack_post_was_ever_published":false,"jetpack_publicize_message":"","jetpack_publicize_feature_enabled":true,"jetpack_social_post_already_shared":true,"jetpack_social_options":{"image_generator_settings":{"template":"highway","default_image_id":0,"font":"","enabled":false},"version":2}},"product_brand":[],"product_cat":[38],"product_tag":[],"class_list":{"0":"post-1080","1":"product","2":"type-product","3":"status-publish","4":"has-post-thumbnail","6":"product_cat-epicerie","8":"first","9":"outofstock","10":"taxable","11":"shipping-taxable","12":"purchasable","13":"product-type-simple"},"yoast_head":"<!-- This site is optimized with the Yoast SEO plugin v27.4 - https:\/\/yoast.com\/product\/yoast-seo-wordpress\/ -->\n<title>Huile de Cameline 25cl Pousses de l\u00e0 - Volailles et Escargots de la Broche<\/title>\n<meta name=\"robots\" content=\"index, follow, max-snippet:-1, max-image-preview:large, max-video-preview:-1\" \/>\n<link rel=\"canonical\" href=\"https:\/\/volaillesdelabroche.fr\/index.php\/produit\/huile-de-cameline-25cl-pousses-de-la\/\" \/>\n<meta property=\"og:locale\" content=\"fr_FR\" \/>\n<meta property=\"og:type\" content=\"article\" \/>\n<meta property=\"og:title\" content=\"Huile de Cameline 25cl Pousses de l\u00e0 - Volailles et Escargots de la Broche\" \/>\n<meta property=\"og:description\" content=\"Huile de Cameline Fran\u00e7aise en conversion \u00e0 l&#039;agriculture bio, bouteille de 25cl, produite en Normandie. L&#039;huile de cameline, ou\u00a0Camelina Sativa, est une plante dont l&#039;huile est riche en acides gras et en Om\u00e9ga 3.\" \/>\n<meta property=\"og:url\" content=\"https:\/\/volaillesdelabroche.fr\/index.php\/produit\/huile-de-cameline-25cl-pousses-de-la\/\" \/>\n<meta property=\"og:site_name\" content=\"Volailles et Escargots de la Broche\" \/>\n<meta property=\"article:publisher\" content=\"https:\/\/www.facebook.com\/pg\/escargotsdelabroche\/photos\/?ref=page_internal\" \/>\n<meta property=\"article:modified_time\" content=\"2026-04-21T10:16:13+00:00\" \/>\n<meta property=\"og:image\" content=\"https:\/\/i0.wp.com\/volaillesdelabroche.fr\/wp-content\/uploads\/2020\/04\/Cameline.jpg?fit=223%2C241&ssl=1\" \/>\n\t<meta property=\"og:image:width\" content=\"223\" \/>\n\t<meta property=\"og:image:height\" content=\"241\" \/>\n\t<meta property=\"og:image:type\" content=\"image\/jpeg\" \/>\n<meta name=\"twitter:card\" content=\"summary_large_image\" \/>\n<script type=\"application\/ld+json\" class=\"yoast-schema-graph\">{\"@context\":\"https:\\\/\\\/schema.org\",\"@graph\":[{\"@type\":\"WebPage\",\"@id\":\"https:\\\/\\\/volaillesdelabroche.fr\\\/index.php\\\/produit\\\/huile-de-cameline-25cl-pousses-de-la\\\/\",\"url\":\"https:\\\/\\\/volaillesdelabroche.fr\\\/index.php\\\/produit\\\/huile-de-cameline-25cl-pousses-de-la\\\/\",\"name\":\"Huile de Cameline 25cl Pousses de l\u00e0 - Volailles et Escargots de la Broche\",\"isPartOf\":{\"@id\":\"https:\\\/\\\/volaillesdelabroche.fr\\\/#website\"},\"primaryImageOfPage\":{\"@id\":\"https:\\\/\\\/volaillesdelabroche.fr\\\/index.php\\\/produit\\\/huile-de-cameline-25cl-pousses-de-la\\\/#primaryimage\"},\"image\":{\"@id\":\"https:\\\/\\\/volaillesdelabroche.fr\\\/index.php\\\/produit\\\/huile-de-cameline-25cl-pousses-de-la\\\/#primaryimage\"},\"thumbnailUrl\":\"https:\\\/\\\/i0.wp.com\\\/volaillesdelabroche.fr\\\/wp-content\\\/uploads\\\/2020\\\/04\\\/Cameline.jpg?fit=223%2C241&ssl=1\",\"datePublished\":\"2020-04-19T12:33:28+00:00\",\"dateModified\":\"2026-04-21T10:16:13+00:00\",\"breadcrumb\":{\"@id\":\"https:\\\/\\\/volaillesdelabroche.fr\\\/index.php\\\/produit\\\/huile-de-cameline-25cl-pousses-de-la\\\/#breadcrumb\"},\"inLanguage\":\"fr-FR\",\"potentialAction\":[{\"@type\":\"ReadAction\",\"target\":[\"https:\\\/\\\/volaillesdelabroche.fr\\\/index.php\\\/produit\\\/huile-de-cameline-25cl-pousses-de-la\\\/\"]}]},{\"@type\":\"ImageObject\",\"inLanguage\":\"fr-FR\",\"@id\":\"https:\\\/\\\/volaillesdelabroche.fr\\\/index.php\\\/produit\\\/huile-de-cameline-25cl-pousses-de-la\\\/#primaryimage\",\"url\":\"https:\\\/\\\/i0.wp.com\\\/volaillesdelabroche.fr\\\/wp-content\\\/uploads\\\/2020\\\/04\\\/Cameline.jpg?fit=223%2C241&ssl=1\",\"contentUrl\":\"https:\\\/\\\/i0.wp.com\\\/volaillesdelabroche.fr\\\/wp-content\\\/uploads\\\/2020\\\/04\\\/Cameline.jpg?fit=223%2C241&ssl=1\",\"width\":223,\"height\":241},{\"@type\":\"BreadcrumbList\",\"@id\":\"https:\\\/\\\/volaillesdelabroche.fr\\\/index.php\\\/produit\\\/huile-de-cameline-25cl-pousses-de-la\\\/#breadcrumb\",\"itemListElement\":[{\"@type\":\"ListItem\",\"position\":1,\"name\":\"Home\",\"item\":\"https:\\\/\\\/volaillesdelabroche.fr\\\/\"},{\"@type\":\"ListItem\",\"position\":2,\"name\":\"Produits\",\"item\":\"https:\\\/\\\/volaillesdelabroche.fr\\\/index.php\\\/shop\\\/\"},{\"@type\":\"ListItem\",\"position\":3,\"name\":\"Huile de Cameline 25cl Pousses de l\u00e0\"}]},{\"@type\":\"WebSite\",\"@id\":\"https:\\\/\\\/volaillesdelabroche.fr\\\/#website\",\"url\":\"https:\\\/\\\/volaillesdelabroche.fr\\\/\",\"name\":\"Volailles et Escargots de la Broche\",\"description\":\"Volailles Escargots Producteur Vente a la ferme\",\"publisher\":{\"@id\":\"https:\\\/\\\/volaillesdelabroche.fr\\\/#organization\"},\"alternateName\":\"Volailles Escargots Producteur Vente a la ferme\",\"potentialAction\":[{\"@type\":\"SearchAction\",\"target\":{\"@type\":\"EntryPoint\",\"urlTemplate\":\"https:\\\/\\\/volaillesdelabroche.fr\\\/?s={search_term_string}\"},\"query-input\":{\"@type\":\"PropertyValueSpecification\",\"valueRequired\":true,\"valueName\":\"search_term_string\"}}],\"inLanguage\":\"fr-FR\"},{\"@type\":\"Organization\",\"@id\":\"https:\\\/\\\/volaillesdelabroche.fr\\\/#organization\",\"name\":\"Escargots et Volailles de la Broche\",\"alternateName\":\"Volailles Escargots Producteur Vente a la ferme\",\"url\":\"https:\\\/\\\/volaillesdelabroche.fr\\\/\",\"logo\":{\"@type\":\"ImageObject\",\"inLanguage\":\"fr-FR\",\"@id\":\"https:\\\/\\\/volaillesdelabroche.fr\\\/#\\\/schema\\\/logo\\\/image\\\/\",\"url\":\"https:\\\/\\\/i0.wp.com\\\/volaillesdelabroche.fr\\\/wp-content\\\/uploads\\\/2021\\\/01\\\/cropped-LOGO-volailles-escargots.png?fit=223%2C105&ssl=1\",\"contentUrl\":\"https:\\\/\\\/i0.wp.com\\\/volaillesdelabroche.fr\\\/wp-content\\\/uploads\\\/2021\\\/01\\\/cropped-LOGO-volailles-escargots.png?fit=223%2C105&ssl=1\",\"width\":223,\"height\":105,\"caption\":\"Escargots et Volailles de la Broche\"},\"image\":{\"@id\":\"https:\\\/\\\/volaillesdelabroche.fr\\\/#\\\/schema\\\/logo\\\/image\\\/\"},\"sameAs\":[\"https:\\\/\\\/www.facebook.com\\\/pg\\\/escargotsdelabroche\\\/photos\\\/?ref=page_internal\"]}]}<\/script>\n<!-- \/ Yoast SEO plugin. -->","yoast_head_json":{"title":"Huile de Cameline 25cl Pousses de l\u00e0 - Volailles et Escargots de la Broche","robots":{"index":"index","follow":"follow","max-snippet":"max-snippet:-1","max-image-preview":"max-image-preview:large","max-video-preview":"max-video-preview:-1"},"canonical":"https:\/\/volaillesdelabroche.fr\/index.php\/produit\/huile-de-cameline-25cl-pousses-de-la\/","og_locale":"fr_FR","og_type":"article","og_title":"Huile de Cameline 25cl Pousses de l\u00e0 - Volailles et Escargots de la Broche","og_description":"Huile de Cameline Fran\u00e7aise en conversion \u00e0 l'agriculture bio, bouteille de 25cl, produite en Normandie. L'huile de cameline, ou\u00a0Camelina Sativa, est une plante dont l'huile est riche en acides gras et en Om\u00e9ga 3.","og_url":"https:\/\/volaillesdelabroche.fr\/index.php\/produit\/huile-de-cameline-25cl-pousses-de-la\/","og_site_name":"Volailles et Escargots de la Broche","article_publisher":"https:\/\/www.facebook.com\/pg\/escargotsdelabroche\/photos\/?ref=page_internal","article_modified_time":"2026-04-21T10:16:13+00:00","og_image":[{"width":223,"height":241,"url":"https:\/\/i0.wp.com\/volaillesdelabroche.fr\/wp-content\/uploads\/2020\/04\/Cameline.jpg?fit=223%2C241&ssl=1","type":"image\/jpeg"}],"twitter_card":"summary_large_image","schema":{"@context":"https:\/\/schema.org","@graph":[{"@type":"WebPage","@id":"https:\/\/volaillesdelabroche.fr\/index.php\/produit\/huile-de-cameline-25cl-pousses-de-la\/","url":"https:\/\/volaillesdelabroche.fr\/index.php\/produit\/huile-de-cameline-25cl-pousses-de-la\/","name":"Huile de Cameline 25cl Pousses de l\u00e0 - Volailles et Escargots de la Broche","isPartOf":{"@id":"https:\/\/volaillesdelabroche.fr\/#website"},"primaryImageOfPage":{"@id":"https:\/\/volaillesdelabroche.fr\/index.php\/produit\/huile-de-cameline-25cl-pousses-de-la\/#primaryimage"},"image":{"@id":"https:\/\/volaillesdelabroche.fr\/index.php\/produit\/huile-de-cameline-25cl-pousses-de-la\/#primaryimage"},"thumbnailUrl":"https:\/\/i0.wp.com\/volaillesdelabroche.fr\/wp-content\/uploads\/2020\/04\/Cameline.jpg?fit=223%2C241&ssl=1","datePublished":"2020-04-19T12:33:28+00:00","dateModified":"2026-04-21T10:16:13+00:00","breadcrumb":{"@id":"https:\/\/volaillesdelabroche.fr\/index.php\/produit\/huile-de-cameline-25cl-pousses-de-la\/#breadcrumb"},"inLanguage":"fr-FR","potentialAction":[{"@type":"ReadAction","target":["https:\/\/volaillesdelabroche.fr\/index.php\/produit\/huile-de-cameline-25cl-pousses-de-la\/"]}]},{"@type":"ImageObject","inLanguage":"fr-FR","@id":"https:\/\/volaillesdelabroche.fr\/index.php\/produit\/huile-de-cameline-25cl-pousses-de-la\/#primaryimage","url":"https:\/\/i0.wp.com\/volaillesdelabroche.fr\/wp-content\/uploads\/2020\/04\/Cameline.jpg?fit=223%2C241&ssl=1","contentUrl":"https:\/\/i0.wp.com\/volaillesdelabroche.fr\/wp-content\/uploads\/2020\/04\/Cameline.jpg?fit=223%2C241&ssl=1","width":223,"height":241},{"@type":"BreadcrumbList","@id":"https:\/\/volaillesdelabroche.fr\/index.php\/produit\/huile-de-cameline-25cl-pousses-de-la\/#breadcrumb","itemListElement":[{"@type":"ListItem","position":1,"name":"Home","item":"https:\/\/volaillesdelabroche.fr\/"},{"@type":"ListItem","position":2,"name":"Produits","item":"https:\/\/volaillesdelabroche.fr\/index.php\/shop\/"},{"@type":"ListItem","position":3,"name":"Huile de Cameline 25cl Pousses de l\u00e0"}]},{"@type":"WebSite","@id":"https:\/\/volaillesdelabroche.fr\/#website","url":"https:\/\/volaillesdelabroche.fr\/","name":"Volailles et Escargots de la Broche","description":"Volailles Escargots Producteur Vente a la ferme","publisher":{"@id":"https:\/\/volaillesdelabroche.fr\/#organization"},"alternateName":"Volailles Escargots Producteur Vente a la ferme","potentialAction":[{"@type":"SearchAction","target":{"@type":"EntryPoint","urlTemplate":"https:\/\/volaillesdelabroche.fr\/?s={search_term_string}"},"query-input":{"@type":"PropertyValueSpecification","valueRequired":true,"valueName":"search_term_string"}}],"inLanguage":"fr-FR"},{"@type":"Organization","@id":"https:\/\/volaillesdelabroche.fr\/#organization","name":"Escargots et Volailles de la Broche","alternateName":"Volailles Escargots Producteur Vente a la ferme","url":"https:\/\/volaillesdelabroche.fr\/","logo":{"@type":"ImageObject","inLanguage":"fr-FR","@id":"https:\/\/volaillesdelabroche.fr\/#\/schema\/logo\/image\/","url":"https:\/\/i0.wp.com\/volaillesdelabroche.fr\/wp-content\/uploads\/2021\/01\/cropped-LOGO-volailles-escargots.png?fit=223%2C105&ssl=1","contentUrl":"https:\/\/i0.wp.com\/volaillesdelabroche.fr\/wp-content\/uploads\/2021\/01\/cropped-LOGO-volailles-escargots.png?fit=223%2C105&ssl=1","width":223,"height":105,"caption":"Escargots et Volailles de la Broche"},"image":{"@id":"https:\/\/volaillesdelabroche.fr\/#\/schema\/logo\/image\/"},"sameAs":["https:\/\/www.facebook.com\/pg\/escargotsdelabroche\/photos\/?ref=page_internal"]}]}},"jetpack_publicize_connections":[],"jetpack_sharing_enabled":false,"_links":{"self":[{"href":"https:\/\/volaillesdelabroche.fr\/index.php\/wp-json\/wp\/v2\/product\/1080","targetHints":{"allow":["GET"]}}],"collection":[{"href":"https:\/\/volaillesdelabroche.fr\/index.php\/wp-json\/wp\/v2\/product"}],"about":[{"href":"https:\/\/volaillesdelabroche.fr\/index.php\/wp-json\/wp\/v2\/types\/product"}],"version-history":[{"count":1,"href":"https:\/\/volaillesdelabroche.fr\/index.php\/wp-json\/wp\/v2\/product\/1080\/revisions"}],"predecessor-version":[{"id":1082,"href":"https:\/\/volaillesdelabroche.fr\/index.php\/wp-json\/wp\/v2\/product\/1080\/revisions\/1082"}],"wp:featuredmedia":[{"embeddable":true,"href":"https:\/\/volaillesdelabroche.fr\/index.php\/wp-json\/wp\/v2\/media\/1081"}],"wp:attachment":[{"href":"https:\/\/volaillesdelabroche.fr\/index.php\/wp-json\/wp\/v2\/media?parent=1080"}],"wp:term":[{"taxonomy":"product_brand","embeddable":true,"href":"https:\/\/volaillesdelabroche.fr\/index.php\/wp-json\/wp\/v2\/product_brand?post=1080"},{"taxonomy":"product_cat","embeddable":true,"href":"https:\/\/volaillesdelabroche.fr\/index.php\/wp-json\/wp\/v2\/product_cat?post=1080"},{"taxonomy":"product_tag","embeddable":true,"href":"https:\/\/volaillesdelabroche.fr\/index.php\/wp-json\/wp\/v2\/product_tag?post=1080"}],"curies":[{"name":"wp","href":"https:\/\/api.w.org\/{rel}","templated":true}]}}