{"id":1010,"date":"2020-04-19T10:25:30","date_gmt":"2020-04-19T08:25:30","guid":{"rendered":"http:\/\/volaillesdelabroche.fr\/?post_type=product&#038;p=1010"},"modified":"2024-12-17T22:13:55","modified_gmt":"2024-12-17T21:13:55","slug":"cidre-brut-75cl-clos-du-mont-vine","status":"publish","type":"product","link":"https:\/\/volaillesdelabroche.fr\/index.php\/produit\/cidre-brut-75cl-clos-du-mont-vine\/","title":{"rendered":"Cidre Brut 75cl Clos du Mont Vin\u00e9"},"content":{"rendered":"","protected":false},"excerpt":{"rendered":"<p>Cidre Brut 750l Clos du Mont Vin\u00e9<\/p>\n<p>Le cidre se boit tr\u00e8s frais<\/p>\n<p>Cidre brut 4\u00b0, L\u2019abus d\u2019alcool est dangereux pour la sant\u00e9<\/p>\n","protected":false},"featured_media":1006,"template":"","meta":{"_monsterinsights_skip_tracking":false,"_monsterinsights_sitenote_active":false,"_monsterinsights_sitenote_note":"","_monsterinsights_sitenote_category":0,"jetpack_post_was_ever_published":false,"jetpack_publicize_message":"","jetpack_publicize_feature_enabled":true,"jetpack_social_post_already_shared":true,"jetpack_social_options":{"image_generator_settings":{"template":"highway","default_image_id":0,"font":"","enabled":false},"version":2}},"product_brand":[],"product_cat":[36,35],"product_tag":[],"class_list":{"0":"post-1010","1":"product","2":"type-product","3":"status-publish","4":"has-post-thumbnail","6":"product_cat-boissons","7":"product_cat-fermes-voisines","9":"first","10":"outofstock","11":"taxable","12":"shipping-taxable","13":"purchasable","14":"product-type-simple"},"yoast_head":"<!-- This site is optimized with the Yoast SEO plugin v27.4 - https:\/\/yoast.com\/product\/yoast-seo-wordpress\/ -->\n<title>Cidre Brut 75cl Clos du Mont Vin\u00e9 - Volailles et Escargots de la Broche<\/title>\n<meta name=\"robots\" content=\"index, follow, max-snippet:-1, max-image-preview:large, max-video-preview:-1\" \/>\n<link rel=\"canonical\" href=\"https:\/\/volaillesdelabroche.fr\/index.php\/produit\/cidre-brut-75cl-clos-du-mont-vine\/\" \/>\n<meta property=\"og:locale\" content=\"fr_FR\" \/>\n<meta property=\"og:type\" content=\"article\" \/>\n<meta property=\"og:title\" content=\"Cidre Brut 75cl Clos du Mont Vin\u00e9 - Volailles et Escargots de la Broche\" \/>\n<meta property=\"og:description\" content=\"Cidre Brut 750l Clos du Mont Vin\u00e9  Le cidre se boit tr\u00e8s frais  Cidre brut 4\u00b0, L\u2019abus d\u2019alcool est dangereux pour la sant\u00e9\" \/>\n<meta property=\"og:url\" content=\"https:\/\/volaillesdelabroche.fr\/index.php\/produit\/cidre-brut-75cl-clos-du-mont-vine\/\" \/>\n<meta property=\"og:site_name\" content=\"Volailles et Escargots de la Broche\" \/>\n<meta property=\"article:publisher\" content=\"https:\/\/www.facebook.com\/pg\/escargotsdelabroche\/photos\/?ref=page_internal\" \/>\n<meta property=\"article:modified_time\" content=\"2024-12-17T21:13:55+00:00\" \/>\n<meta property=\"og:image\" content=\"https:\/\/volaillesdelabroche.fr\/wp-content\/uploads\/2020\/04\/Cidre-75cl-v2.jpg\" \/>\n\t<meta property=\"og:image:width\" content=\"301\" \/>\n\t<meta property=\"og:image:height\" content=\"352\" \/>\n\t<meta property=\"og:image:type\" content=\"image\/jpeg\" \/>\n<meta name=\"twitter:card\" content=\"summary_large_image\" \/>\n<script type=\"application\/ld+json\" class=\"yoast-schema-graph\">{\"@context\":\"https:\\\/\\\/schema.org\",\"@graph\":[{\"@type\":\"WebPage\",\"@id\":\"https:\\\/\\\/volaillesdelabroche.fr\\\/index.php\\\/produit\\\/cidre-brut-75cl-clos-du-mont-vine\\\/\",\"url\":\"https:\\\/\\\/volaillesdelabroche.fr\\\/index.php\\\/produit\\\/cidre-brut-75cl-clos-du-mont-vine\\\/\",\"name\":\"Cidre Brut 75cl Clos du Mont Vin\u00e9 - Volailles et Escargots de la Broche\",\"isPartOf\":{\"@id\":\"https:\\\/\\\/volaillesdelabroche.fr\\\/#website\"},\"primaryImageOfPage\":{\"@id\":\"https:\\\/\\\/volaillesdelabroche.fr\\\/index.php\\\/produit\\\/cidre-brut-75cl-clos-du-mont-vine\\\/#primaryimage\"},\"image\":{\"@id\":\"https:\\\/\\\/volaillesdelabroche.fr\\\/index.php\\\/produit\\\/cidre-brut-75cl-clos-du-mont-vine\\\/#primaryimage\"},\"thumbnailUrl\":\"https:\\\/\\\/i0.wp.com\\\/volaillesdelabroche.fr\\\/wp-content\\\/uploads\\\/2020\\\/04\\\/Cidre-75cl-v2.jpg?fit=301%2C352&ssl=1\",\"datePublished\":\"2020-04-19T08:25:30+00:00\",\"dateModified\":\"2024-12-17T21:13:55+00:00\",\"breadcrumb\":{\"@id\":\"https:\\\/\\\/volaillesdelabroche.fr\\\/index.php\\\/produit\\\/cidre-brut-75cl-clos-du-mont-vine\\\/#breadcrumb\"},\"inLanguage\":\"fr-FR\",\"potentialAction\":[{\"@type\":\"ReadAction\",\"target\":[\"https:\\\/\\\/volaillesdelabroche.fr\\\/index.php\\\/produit\\\/cidre-brut-75cl-clos-du-mont-vine\\\/\"]}]},{\"@type\":\"ImageObject\",\"inLanguage\":\"fr-FR\",\"@id\":\"https:\\\/\\\/volaillesdelabroche.fr\\\/index.php\\\/produit\\\/cidre-brut-75cl-clos-du-mont-vine\\\/#primaryimage\",\"url\":\"https:\\\/\\\/i0.wp.com\\\/volaillesdelabroche.fr\\\/wp-content\\\/uploads\\\/2020\\\/04\\\/Cidre-75cl-v2.jpg?fit=301%2C352&ssl=1\",\"contentUrl\":\"https:\\\/\\\/i0.wp.com\\\/volaillesdelabroche.fr\\\/wp-content\\\/uploads\\\/2020\\\/04\\\/Cidre-75cl-v2.jpg?fit=301%2C352&ssl=1\",\"width\":301,\"height\":352},{\"@type\":\"BreadcrumbList\",\"@id\":\"https:\\\/\\\/volaillesdelabroche.fr\\\/index.php\\\/produit\\\/cidre-brut-75cl-clos-du-mont-vine\\\/#breadcrumb\",\"itemListElement\":[{\"@type\":\"ListItem\",\"position\":1,\"name\":\"Home\",\"item\":\"https:\\\/\\\/volaillesdelabroche.fr\\\/\"},{\"@type\":\"ListItem\",\"position\":2,\"name\":\"Produits\",\"item\":\"https:\\\/\\\/volaillesdelabroche.fr\\\/index.php\\\/shop\\\/\"},{\"@type\":\"ListItem\",\"position\":3,\"name\":\"Cidre Brut 75cl Clos du Mont Vin\u00e9\"}]},{\"@type\":\"WebSite\",\"@id\":\"https:\\\/\\\/volaillesdelabroche.fr\\\/#website\",\"url\":\"https:\\\/\\\/volaillesdelabroche.fr\\\/\",\"name\":\"Volailles et Escargots de la Broche\",\"description\":\"Volailles Escargots Producteur Vente a la ferme\",\"publisher\":{\"@id\":\"https:\\\/\\\/volaillesdelabroche.fr\\\/#organization\"},\"alternateName\":\"Volailles Escargots Producteur Vente a la ferme\",\"potentialAction\":[{\"@type\":\"SearchAction\",\"target\":{\"@type\":\"EntryPoint\",\"urlTemplate\":\"https:\\\/\\\/volaillesdelabroche.fr\\\/?s={search_term_string}\"},\"query-input\":{\"@type\":\"PropertyValueSpecification\",\"valueRequired\":true,\"valueName\":\"search_term_string\"}}],\"inLanguage\":\"fr-FR\"},{\"@type\":\"Organization\",\"@id\":\"https:\\\/\\\/volaillesdelabroche.fr\\\/#organization\",\"name\":\"Escargots et Volailles de la Broche\",\"alternateName\":\"Volailles Escargots Producteur Vente a la ferme\",\"url\":\"https:\\\/\\\/volaillesdelabroche.fr\\\/\",\"logo\":{\"@type\":\"ImageObject\",\"inLanguage\":\"fr-FR\",\"@id\":\"https:\\\/\\\/volaillesdelabroche.fr\\\/#\\\/schema\\\/logo\\\/image\\\/\",\"url\":\"https:\\\/\\\/i0.wp.com\\\/volaillesdelabroche.fr\\\/wp-content\\\/uploads\\\/2021\\\/01\\\/cropped-LOGO-volailles-escargots.png?fit=223%2C105&ssl=1\",\"contentUrl\":\"https:\\\/\\\/i0.wp.com\\\/volaillesdelabroche.fr\\\/wp-content\\\/uploads\\\/2021\\\/01\\\/cropped-LOGO-volailles-escargots.png?fit=223%2C105&ssl=1\",\"width\":223,\"height\":105,\"caption\":\"Escargots et Volailles de la Broche\"},\"image\":{\"@id\":\"https:\\\/\\\/volaillesdelabroche.fr\\\/#\\\/schema\\\/logo\\\/image\\\/\"},\"sameAs\":[\"https:\\\/\\\/www.facebook.com\\\/pg\\\/escargotsdelabroche\\\/photos\\\/?ref=page_internal\"]}]}<\/script>\n<!-- \/ Yoast SEO plugin. -->","yoast_head_json":{"title":"Cidre Brut 75cl Clos du Mont Vin\u00e9 - Volailles et Escargots de la Broche","robots":{"index":"index","follow":"follow","max-snippet":"max-snippet:-1","max-image-preview":"max-image-preview:large","max-video-preview":"max-video-preview:-1"},"canonical":"https:\/\/volaillesdelabroche.fr\/index.php\/produit\/cidre-brut-75cl-clos-du-mont-vine\/","og_locale":"fr_FR","og_type":"article","og_title":"Cidre Brut 75cl Clos du Mont Vin\u00e9 - Volailles et Escargots de la Broche","og_description":"Cidre Brut 750l Clos du Mont Vin\u00e9  Le cidre se boit tr\u00e8s frais  Cidre brut 4\u00b0, L\u2019abus d\u2019alcool est dangereux pour la sant\u00e9","og_url":"https:\/\/volaillesdelabroche.fr\/index.php\/produit\/cidre-brut-75cl-clos-du-mont-vine\/","og_site_name":"Volailles et Escargots de la Broche","article_publisher":"https:\/\/www.facebook.com\/pg\/escargotsdelabroche\/photos\/?ref=page_internal","article_modified_time":"2024-12-17T21:13:55+00:00","og_image":[{"width":301,"height":352,"url":"https:\/\/volaillesdelabroche.fr\/wp-content\/uploads\/2020\/04\/Cidre-75cl-v2.jpg","type":"image\/jpeg"}],"twitter_card":"summary_large_image","schema":{"@context":"https:\/\/schema.org","@graph":[{"@type":"WebPage","@id":"https:\/\/volaillesdelabroche.fr\/index.php\/produit\/cidre-brut-75cl-clos-du-mont-vine\/","url":"https:\/\/volaillesdelabroche.fr\/index.php\/produit\/cidre-brut-75cl-clos-du-mont-vine\/","name":"Cidre Brut 75cl Clos du Mont Vin\u00e9 - Volailles et Escargots de la Broche","isPartOf":{"@id":"https:\/\/volaillesdelabroche.fr\/#website"},"primaryImageOfPage":{"@id":"https:\/\/volaillesdelabroche.fr\/index.php\/produit\/cidre-brut-75cl-clos-du-mont-vine\/#primaryimage"},"image":{"@id":"https:\/\/volaillesdelabroche.fr\/index.php\/produit\/cidre-brut-75cl-clos-du-mont-vine\/#primaryimage"},"thumbnailUrl":"https:\/\/i0.wp.com\/volaillesdelabroche.fr\/wp-content\/uploads\/2020\/04\/Cidre-75cl-v2.jpg?fit=301%2C352&ssl=1","datePublished":"2020-04-19T08:25:30+00:00","dateModified":"2024-12-17T21:13:55+00:00","breadcrumb":{"@id":"https:\/\/volaillesdelabroche.fr\/index.php\/produit\/cidre-brut-75cl-clos-du-mont-vine\/#breadcrumb"},"inLanguage":"fr-FR","potentialAction":[{"@type":"ReadAction","target":["https:\/\/volaillesdelabroche.fr\/index.php\/produit\/cidre-brut-75cl-clos-du-mont-vine\/"]}]},{"@type":"ImageObject","inLanguage":"fr-FR","@id":"https:\/\/volaillesdelabroche.fr\/index.php\/produit\/cidre-brut-75cl-clos-du-mont-vine\/#primaryimage","url":"https:\/\/i0.wp.com\/volaillesdelabroche.fr\/wp-content\/uploads\/2020\/04\/Cidre-75cl-v2.jpg?fit=301%2C352&ssl=1","contentUrl":"https:\/\/i0.wp.com\/volaillesdelabroche.fr\/wp-content\/uploads\/2020\/04\/Cidre-75cl-v2.jpg?fit=301%2C352&ssl=1","width":301,"height":352},{"@type":"BreadcrumbList","@id":"https:\/\/volaillesdelabroche.fr\/index.php\/produit\/cidre-brut-75cl-clos-du-mont-vine\/#breadcrumb","itemListElement":[{"@type":"ListItem","position":1,"name":"Home","item":"https:\/\/volaillesdelabroche.fr\/"},{"@type":"ListItem","position":2,"name":"Produits","item":"https:\/\/volaillesdelabroche.fr\/index.php\/shop\/"},{"@type":"ListItem","position":3,"name":"Cidre Brut 75cl Clos du Mont Vin\u00e9"}]},{"@type":"WebSite","@id":"https:\/\/volaillesdelabroche.fr\/#website","url":"https:\/\/volaillesdelabroche.fr\/","name":"Volailles et Escargots de la Broche","description":"Volailles Escargots Producteur Vente a la ferme","publisher":{"@id":"https:\/\/volaillesdelabroche.fr\/#organization"},"alternateName":"Volailles Escargots Producteur Vente a la ferme","potentialAction":[{"@type":"SearchAction","target":{"@type":"EntryPoint","urlTemplate":"https:\/\/volaillesdelabroche.fr\/?s={search_term_string}"},"query-input":{"@type":"PropertyValueSpecification","valueRequired":true,"valueName":"search_term_string"}}],"inLanguage":"fr-FR"},{"@type":"Organization","@id":"https:\/\/volaillesdelabroche.fr\/#organization","name":"Escargots et Volailles de la Broche","alternateName":"Volailles Escargots Producteur Vente a la ferme","url":"https:\/\/volaillesdelabroche.fr\/","logo":{"@type":"ImageObject","inLanguage":"fr-FR","@id":"https:\/\/volaillesdelabroche.fr\/#\/schema\/logo\/image\/","url":"https:\/\/i0.wp.com\/volaillesdelabroche.fr\/wp-content\/uploads\/2021\/01\/cropped-LOGO-volailles-escargots.png?fit=223%2C105&ssl=1","contentUrl":"https:\/\/i0.wp.com\/volaillesdelabroche.fr\/wp-content\/uploads\/2021\/01\/cropped-LOGO-volailles-escargots.png?fit=223%2C105&ssl=1","width":223,"height":105,"caption":"Escargots et Volailles de la Broche"},"image":{"@id":"https:\/\/volaillesdelabroche.fr\/#\/schema\/logo\/image\/"},"sameAs":["https:\/\/www.facebook.com\/pg\/escargotsdelabroche\/photos\/?ref=page_internal"]}]}},"jetpack_publicize_connections":[],"jetpack_sharing_enabled":true,"_links":{"self":[{"href":"https:\/\/volaillesdelabroche.fr\/index.php\/wp-json\/wp\/v2\/product\/1010","targetHints":{"allow":["GET"]}}],"collection":[{"href":"https:\/\/volaillesdelabroche.fr\/index.php\/wp-json\/wp\/v2\/product"}],"about":[{"href":"https:\/\/volaillesdelabroche.fr\/index.php\/wp-json\/wp\/v2\/types\/product"}],"version-history":[{"count":3,"href":"https:\/\/volaillesdelabroche.fr\/index.php\/wp-json\/wp\/v2\/product\/1010\/revisions"}],"predecessor-version":[{"id":2546,"href":"https:\/\/volaillesdelabroche.fr\/index.php\/wp-json\/wp\/v2\/product\/1010\/revisions\/2546"}],"wp:featuredmedia":[{"embeddable":true,"href":"https:\/\/volaillesdelabroche.fr\/index.php\/wp-json\/wp\/v2\/media\/1006"}],"wp:attachment":[{"href":"https:\/\/volaillesdelabroche.fr\/index.php\/wp-json\/wp\/v2\/media?parent=1010"}],"wp:term":[{"taxonomy":"product_brand","embeddable":true,"href":"https:\/\/volaillesdelabroche.fr\/index.php\/wp-json\/wp\/v2\/product_brand?post=1010"},{"taxonomy":"product_cat","embeddable":true,"href":"https:\/\/volaillesdelabroche.fr\/index.php\/wp-json\/wp\/v2\/product_cat?post=1010"},{"taxonomy":"product_tag","embeddable":true,"href":"https:\/\/volaillesdelabroche.fr\/index.php\/wp-json\/wp\/v2\/product_tag?post=1010"}],"curies":[{"name":"wp","href":"https:\/\/api.w.org\/{rel}","templated":true}]}}